{"id":106,"date":"2022-06-29T14:47:59","date_gmt":"2022-06-29T12:47:59","guid":{"rendered":"https:\/\/c4.benjaminmousnier.com\/?page_id=106"},"modified":"2022-06-29T16:38:39","modified_gmt":"2022-06-29T14:38:39","slug":"activite-2","status":"publish","type":"page","link":"https:\/\/c4.benjaminmousnier.com\/?page_id=106","title":{"rendered":"ACTIVITE"},"content":{"rendered":"\n<p>activit\u00e9 salle escalade Vaison-la romaine<\/p>\n\n\n\n<ul class=\"wp-block-list\"><li><strong>Escalade sur mur<\/strong><\/li><li><strong>Yoga<\/strong><\/li><li><strong>Renforcement musculaire<\/strong><\/li><li><strong>Escalade outdoor (en plein air)<\/strong><\/li><\/ul>\n\n\n\n<p><strong>ESCALADE SUR MUR<\/strong> <\/p>\n\n\n\n<p>Nos 4 murs sont adapt\u00e9 au enfants comme au adulte gr\u00e2ce \u00e0 un code couleur. <\/p>\n\n\n\n<ul class=\"wp-block-list\"><li>mur jaune (convient au enfant de 6 \u00e0 12 ans et d\u00e9butant) <\/li><li>mur bleu ( convient au adolescent, adulte et d\u00e9butant  \u00e0 partir de 10 ans)<\/li><li>mur rouge (convient au adolescent, adulte et d\u00e9butant  \u00e0 partir de 10 ans)<\/li><li>mur noir (convient au adolescent et adulte   \u00e0 partir de 15 ans)<\/li><\/ul>\n\n\n\n<figure class=\"wp-block-image size-large\"><img decoding=\"async\" src=\"https:\/\/images.lanouvellerepublique.fr\/image\/upload\/t_1020w\/5e3f694fde5424137e8b4750.jpg\" alt=\"\"\/><figcaption>Mur JAUNE (difficult\u00e9 DEBUTANT)<\/figcaption><\/figure>\n\n\n\n<figure class=\"wp-block-image size-large is-resized\"><img loading=\"lazy\" decoding=\"async\" src=\"data:image\/jpeg;base64,\/9j\/4AAQSkZJRgABAQAAAQABAAD\/2wCEAAkGBxMTEhUTExIWFhUWGBgXGBgYGBgaGBcaFxgXFxgWGh0ZHSggGBolHRgXITEhJSkrLi4uFx8zODMsNygtLisBCgoKDg0OGxAQGy0lICUtLS0tLS0tLS0tLS0tLS0tLS0tLS0tLS0tLS0tLS0tLS0tLS0tLS0tLS0tLS0tLS0tLf\/AABEIAJEBXAMBIgACEQEDEQH\/xAAcAAACAgMBAQAAAAAAAAAAAAAEBQMGAAECBwj\/xABCEAABAwIDBAcGAwcEAAcAAAABAAIRAyEEEjEFQVFhBhMicYGRoTJCscHR8BQjUjNykrLC4fEVJGKCBzRTc6Kz4v\/EABoBAAIDAQEAAAAAAAAAAAAAAAIDAAEEBQb\/xAAzEQABAwMCAwYFBAIDAAAAAAABAAIRAyExEkEEUXETImGRsfAygaHB0QU04fEzQhQjgv\/aAAwDAQACEQMRAD8Aev269wh1VxB3Ekz5lbG1XkatOvut+JCQ9br22+XC06fFF4apIN2m5u3REYhCJWx07YwOzYJrmjcHEExEmQO5UTEVQ9xdEAmQOHJA4zFyHZSRbeZvIReFnKDvt8AmUR3pS6hMInZtOX+B9bfNG7SZWlvVFob7069\/9lzsinc+HzPyTJ7hoL6i0WI3JVc\/9iZQHcQnWgFrTqRZdlTtZYdyjOHGYu3kRytySE5BzFSA22UX3C5UtSpAk91gT8Fz1g6wjeWiPAulSBp3q1Z2UZddvf8A0lS4JwcMw0JlaDbjv+RU1BgIy8t1tZQnKmygpAuLC10WcdNRnFrqPBvJOIBGj7W3X043lS4ev2wC0j2gCdD2xcecLuYFWCJL4E8STZUbAohJt7zCIwuIzgkNcCCQQRBkbkQ0TBjn3LVAnM4HUBsjcCR6rmvXbIaCC4FsibgFwEwjQuzZB4hrS50AEg6zobSPJayrBh8r6hBlr3ZuYdEOHdYHxUzQJE6LrUSOzB8PfouVXBD4XFFgBCJNLsk8DCiEZjeYj7IU+Noh7C0kgcRYi8\/JTU5xIAiDvuIn7\/TyjmNY0EkGQcbGY+0jmCgadHs94hdMEgHkiaDIaFxSbqOBP1+aNoiEt9yUI7DjNm++9acxGsoay7jwQzi2YJbPCQgZETETsUyuXuLWl2qAIiTAzGNpQGLp6O4EfELpzFLXoBrCBpBU9HEnqy0RDgCeKlw7r+boTpiJsDy8OSVVm\/NF7NbLoidHfwmVHVaidkj8xvMEeiCqO67p90VJ0EdfsmmCxlKrma1zXRYj08QmIbZCYLZ9KmZZTa0mxIEI8Bc2AujtCBew9dTMWh4n+H6Jw1qVGtNZrINpM7rhOabUIIOFbsBQ43FtpML3acBqSdAFzszGtrgvaCGiwnU8T98FNicEx8F4nKcw74I8dV1gcA2mDltNyNw5DgFRmUfc0b6vooNpgdW+f0lLttY4tdSo0nEVC9phuhbMQTw7uC1tDA1xUrP6z8k0z2SZk5ToPcuPGSn9Kg32oE3vFxKYCAZQH4VKAtwuoWwEKpLsbhKj3iHQ2IImPG2qYBq6hbhAGAOLtyrLjELgBdBvJdQto1UrmFrqwpIWKKlWXMpz7s6bloPYNC3QwJGqs7qajdSRyovEqof2jEA8RoZAgplQpEs1jmO7mvVH0OSpPSCifxDosABbjYJ\/DmXQlVsZha2LQgG88\/L+6lqYENdmaInMT3mL+iM2RR\/LniV3ls6TvMTwWeq7vnqnUh3AgaNZrhLSDFj4Lmk7MJgjvRmGwjWNAA5+ajr0nSMpAG8ETI5cEtMbexS2lTyzm8zzLlLSa6O0BPIrolvXEXkNFvd1me9TwFQMqzbIQrrQe\/4FapQ2XgOcC0OgAmYvb6IosuPH4FGMYpuqlIsHjGVahpiQ5ubW2lQOt6LjG4o0yQGAy90E+6WydEVs3ZIZiKlbNObPaNO3B\/l9VPUwbKjauewbUmeG4+hKK03UUXRvFms1znRmkAwI3WP3wTSphmCXZBmOsABzo0E79FBs3ZDaVRz6Z7D2js631mZuPqjqNBxH5mUkOkZZiN0zvRujV3ULZi6hxtLszzQICn2xtEMcylvfysAN3fvUYC6HBPDmEcisPGMILXcx6KJtIAkgXOp4xoucfVDi2kQRnALXWjMNx4bvNEQiaVMENJAJbMTu7uC0VGam6dlmp1CxweNrjr780PhKRDGg6307zxXOWHHmPgiqQ7I+96D\/ABDXPgTLdZBHx80ALWtbflCMh9ao50SbkwPdl0Wod+GBdmvPxhGlqifZG5rSO9sl0qr6Rlhgm1uR2QtVkggoXBNGQAXiR6o+o2RyKCwGHDA5o0Dt\/O4Qu+MHr+fso2NLh0+iyrTME8FmCs9p5\/OEWHgNeCJzCBy5oKluQkEkg+PorBAbIVpYFM0KNh0UGHwtQVS81ZpkWZGh7\/vVcuF1JU7qYzNMXnX\/AKuTGmEDVMFv739LkRs3GCpMNcI470BIBAO6KCRKKcJIHG57hdTlqGw9Zpc6CCRaJuN\/33KbF4llNuZ7g1u8kwL2VhVCA2lSflqHMMnVOGWL5oN5nSNyY4f2QgRi2VqTzTcHNhzZHGNPVHYIyxp5D4BRWQQIPvK7hbldEIPDYR4e5zqhIMkN\/wA6eCokiICoXQvSTabsPSL2gF0gCdBJ15plQqBzQ4XDgCCOB3rjGYJlVpbUGZpiR3XRFKmGgACALADQAWACYYhVuq30t2jiqPV\/hqWcEnN2HPNogQDYG9042Q6qaLHVgG1CJcBYC5gam8RKNWy1CVEuqbaoNfkNUZpiIOvDSAmAS3E7Co1KgqHMHCDY2MXEpqgGqTKdU7HS0sJn\/afspHfunyUTj\/xPkj3BREJiSgHdx8lS9uwa7\/KNPdAXoEXVC6Qg9fVgScxWnhoBJPJIryQAOamw2IbTYwPBaMsl5gMBN4knWERXoNeBIBGo+qKr4Jj2hr2BwbEBw3i0rT2ACAI5BYSZN1rFgAhGtsO4fBcOau5lsNcM0W3xbeNYWNaYvryUVlL6uHDnmZ7OVwg8M2vJQ1cOykX1YMmJi\/IQiJYKriSA4houbn2rIhzVLxZFaROEIQSWxqTae4m6KwzXgMzls5e3Gk205arABmbPEx5FY+iS4lzoplpa5jgNdJngQrAyhJsoaVIuc4Ax7V7GR1riR3EWSjG7VNGt1fVgse8ye7Vo3TATDEbVp0Mx9qAYa2\/vutOjfHgVLg6jXMfUNMntNeG5QXSYOh95S26sC8BMMU5tP8xz8rGiCNxkiPERHitVca0U+sBkES3n9\/Jaq0216ZFRhawwQSbxE5uSr7nGeraPy2DsSZJvN7ayT6JXEVgynLcnHpPmjo0XVKmk4GVt9PO7M50GZ0n\/AAmDDIlJ8HiS8XYW3Ivy+4TWk7spv6TVLarqbhFp8TB\/lV+qUgaQeNj6hafVGbJ70ZvCYTKjEHn87Je0OkzEcUVhZhw5SF0yXPfTrU5iCDsYNxbwIXNYWNpVaNTJAIOe8D9w4ozDYXNTB3xYeX1QFaiJmBOk744KfYuOcCWVWdkNBEcbCZm83W615PGUXDlz5nG2x5JfFUxSgf7bwZkHp6eaWY57+wWzY9qL+CmcwECRwdCmZ\/8Arz\/uscE0MmZuDsgdX7rWtEOBJ1AmTN8bRsQhnj6Ja2uRWyBuuUpnUaOCWVKf+5aeLfhNvVVWJgRzHqhowXHVyP59VO8GeUeqHZv5KTaOMZSbmee4byeAUOzXuqM6zLDXaXk2mfVRz2tcATcqMpve0lowEHtTpJULmspOyBlnO4kCIg6hPOiW0qtRzm1Hl4yyCQLXjcOaqu2tl5XCoAS15Pg7h46+auHQzAvYx1R7YDxlbxgGbjyXKrHS75rq8O3WwRyTut7VP9\/+l6OPspNtvDuqNaxr8hLrETbsv4XHDxRuy8S12Wlmc40xBcRGYi0oXEBWGlwkbfwt4HZRp13VQ7subcb81vSxR+PwDazCx92u1+vepmLdKqDcEHuM\/BWBCp1RziCdoHkgsLs5tGiabSSAHGTE3k7l1h8WynSYaj2tENEuIAnKLX8VvaNdzSxoY5weXAuGjIa4gnkSI8VDR2e2thwx+jmt7xYXE71OiudV3c0zpvDhIIIOhFwVIucNh2sY1jdGgNHcBC7KtAc2XK2CpiG5D+pKdnPrF7hU03Q2Byuge8NIB3srDZTKEv2xtelhmh9VxaHHKIBMmJ3Ao2pUDRLiAOJIA9Uv2th6Neg8VHNNOCc8tIZA9oEyAQjEKoUexukNDEuLaTiXNEkFrhaY3iNTxTiUk6MbFoYZh6k588EvJBzAaRFgLpxUF1FEzeFEQpq5QygCirvTjbNXDUWmi0Z3uyhxuG2mY3lVLYb69eKtV2bNU7RIAiMp3WMyrftrAtxJ6pwmTA5HiOHFAYnZ78GxjSDUDBqJhxFmjkJIUc59MjTurpdnUkO2U2N2nTYASZDtC2477JFt3arwYouaIGYyJmdG8tNU\/wAbRZ1YLmDsgGP074sqZXxYcSTHaBH9vNKgmzQja4NMvNphWHBUmZWvDQC5oJ43EqSkwiZeXSZvFuQ5Ks7N2qWFjDJYYYN8bhCf1ajo7IBM7zAjwVRpsjBnBsUpZs1rsTWOlmP\/AOxzXPK2ia06UDdJuY0J3lCYJ\/8AuKv7lP8AqR1FhAguLje5+HcrVucSACcY+aFw9J7XMzuzHMTYQBLXWCa1i0CXQBbXS9vog3e2z97+lyJxFJznBpANMi\/EOBBae76Ihe6WbQqttCiTiazKYguhziRLQYANhpqDPGeKO6NdYGxUfZtSx\/WI3zwMX+itGDwlNvaYADUBcSPeJvJ80n2hXc0uGUQDY+H+URpwLqdptCzpDiSQGMO\/tfED5pXlUVbFg1Q0WDmmCf1a2UtZ0NmCY4alcTii81YJ6RyXV4aOzAA\/tbBtG6Z8eK6wWLYXvptN2wY+\/BcgyJQOFwpGKFUEQWlpHhY+YC1fpNQM4gaun0hJ\/UGF1BwanwXTDHkfgVoLQcLjkvWVajWNlxjb5leYo0X1XaWCTnyE+iynij1ppECBTa4G8ncUUQugwSDAmInfHBDU6lQvLSyGDR3gg1aYndCGGpJbAgSZMdYnfwC0614mN3fp6rVd0ARqdJReKoAR2gcw3bt3mk+28O6pSOQw5vaHAxMjxS3aiCWHawjec+Xy8ExhY2GvE3F5OL2sYuUTgmh+ZocS4XB3HiBwSbaz8tRjuE+YOin6Mfs3PqRmF9e0ABffcQg9tVw7tAR2pjWNbLBTfUfTfqkhpBE8xC6VWnTZUpuaACZxyIhb6T4F1ak0su5kkt3uDgLjmI05p50MwgdSZTaHFrpgvgFpOum76pDiDWGGqVXOAcCIgDQkC3mrx0WLc9MtIh2hHMSl8S6m54AnN03g21GMJMWFuae0ujGFORjqQdlOpLpPEmCOCcVejdF7A2mOrjQtuPEE\/Rc0Hdsu4NJ9QPmmmz6klwRObJk5SgSBAXm2K2ZUoVG06ri4ipIOvZyvg\/e9HYVoAkCM17eibdO2DO0b3hgFjfK5xLZGlkpdMcElogxsExwGkGVqviTbKM3aDXRuG8nuQuytmmhVcW9pjwSScoLTM5RGrTPhCr9PYeIpYvrKLmtpvMuuSOLgW75vB57lcmphCFtRzZAObFSvNiodj\/sm\/uhL9j7Nq031KlWvnLzZonI0cgdD93THYx\/Kb+6PmorMAWM4RoCC2ts7r2ZOsey4ILDBkd2qOQW1qD3sLWa23wo52kahsgAmxXezMH1VJtPO5+We07W5JRaiwoIY3N7UXSfpbiawpFmGf+dY5RGdzd+WdDv7gVAdyoG3gXRm19ksxAAdILZykbpjdoVDs\/YQZRfSe7MHkzAgQRELjoh+K6k\/i5D83ZzZZywNcvOdU8CHs26tW6cOJqikaM907dEu2NskYdhaHZiXFxOgvpDRZtuCYQhsVtKlTdlqVGtJEweC6p4pjxmY9pGk8\/NFIFvwgLaj+9BM7wU2xQQTnQCSYAuSdyNxLkBisN1lNzJjMCJ71ZJAkJe6RdFekFOvjcrWO0eWkxBgehiVaukNenkguuROUCXFptpu368F5j0Azs2k2m4RHWtPeGu3xfRep7f2YKzRByvFw4fA8QrryWAtUpta13gqg+sKlLM2YvY2JIB7JnS\/wXme1nhr3ZXgAOIyW7PKe9emHBGm2pLpkzpERY\/BeQbbwrhiHs1zOlvMOMj4oKZV1QDjCsPRajmc4uuR7PAbj4qytbG879VT+ghPXPG4M8rq5vahf8SY02hK8CzNWq3MaGJB9yO6IPmmT3mQBynXTiLXKjLGhwcbHQXIB36TBKIVBE4qJ9SMp\/5\/0uU2LY6mDU60vBIGQbgTBPguaeHJdTaB2i8QOZBj4qz0tjV6rXNjKJMlwgGLQBEwdZ5+CW7VA0o2aL61R24+tQqiQ97QXMa28HhFiNAods7QqPN2GmIMtO\/W4t4eCP6WksDqNRsZYnQmY0E2AjeqZhWznAFjYT42+CaYNKQTmPqEGoioARkfn8JrgsAS5tR7pj2W7m8J4pi6oJyzeJjlxQ2zjmpNne0T5R8kaxg+S89WeS86trDw9\/VdenGmVGhnvDXZtADPcJlFhkDee9Jm4KoKz3F803Aw2TYmN260+aZw7oJIOII6yqqbWzZWQqAB+Z+aMsDLx3zKkwzuw3uHpZZUNj3L3Z0vZO0SvHd6m+NwY+qkq4mMrSCc\/ZkGCDb6nTgpcPTytDZLoES4yT3lc0TuUwCoAySffsoXkQABBvPje1toFlzUSPbdYyGA21I4p3VMA9yrO0qwe7MGxaDedNO5KrOAAG5TuFoPfLwJDcnlOEEKYLhrPJdY1ktiZ+qga8ioOcorEtMGRBBBuNxWYHbmtThaeSn28T+CbxLmkx99yWdC9omni6N3ZXVGggGxzGASJ4lMemL4pUmggB0W5AfWFW9l0ndYwtgEOBBJtYgjRYqZAbqdvJW2qDqhuwAX0hSMO5OBHn\/cBDN2t1FQAtzZ7C8RHgpaT5aJBuJje3jKru38Uwim5jw6KkEtIOoOsaEEeqOqSGEhLogOeAVP0o2icSaYa3I5jjec243iB9lL6zasNDHtke0XDXuA0lQY8lr2u7USNLgm9oidEwNwlNOps8wif3H9PJR06wdcEHdbiNVLUxTKYzPcGiwk87KAMA0AC6q4ZtRuVwkW9CD8kweKWIm+EwpPDgCCCDoRoUJs3N1IyRmymJuJl2sIpqh2N+zHj\/MVFBgqTZjqpZNYND5Nm6ATZGBYtSiKELai\/Cszh+UZwIB3wpJSk7Lc+r1rn5SHDLl\/SNxnQpdQmLCUTTBzCchYsCixWIbTY57zDWguceAFzojQoHbGxGYiCZDhvHDeEVgdntpMDGtkDUnUneUHszpHh8Q806VQl0TdrhI4jMBKaylmk0uki6eOJrBnZhxjkmWKYoGtRGJeFDnATQkKk1n0qG2hVqvDGdXmzGzQ7qy2Ce75I\/bf\/iXQaS2lSqVI96zB4Ay7zAQ206QqYwtdBaX0wZgiJk67oBVHp0RUxQa7sh1QzugFxJjwQtdqbB2\/v7pjmaY8V6Qyq6qzNUp5C4XbId6jX0VB6SbPnF0HAGMwzGLAB3Z+Jsr9UxtID2xCq22MfRztOcWePKb95QCRhQRN0m2XgX0MY8NaCypoSYiZdEb7gjyVobhw1oAm3EyfNKMVtOjmY8OBym+4weE6nkinbdpRo7yVaScopEWWYrDNeMr2hwmYPEaKOtTqGIqQAO1DRJjhwQNfpDSBsDK4d0gH6J8QoWEhE1xbdWrZVZzq1E2JkNOgsQWyN2YSvRH1HNolw1a1zr74k7l5F0Y2kX4vD0yyAarbnkZ9SF7HWgU3cA0+UFG0EMhBUMuuvIemQdVqS50mAZPiqeG5QSDbMW+gv6nyVu6V1spJ\/Sxo8Sqzi8nVFrTJB8fZF\/NYKVR4a2mcEkrc+kwuL4uAj9ltcGMkiC349pHgqLBtBpMj9LfgFO0yAVxajy5xJzf1W9o7o+Sy33qhKgO+Nbd31RJYJzb4hRVAiY6IhRzQpMK+0cD8VlSgG5iPeufIBcYdoDid5A9J+q7rGB98V7XgagfwbXHYEH5W9F5bj6ZbxJEZIPn\/AEiKTkVnAiTEmB38EDTN1XNnV6oxWQlzu2Q5r7jLM5r6RYhaqj9BAG6yMpl7jqyM8zz\/ALVyqthKNs0gWTDbXsAPONdU4d3yhsQ2QbTZW5oe1LY\/s3SFS6dSHtcJ7LheNOM+CfbXa0skmxBE37x81Rq2MdmOmukDyVnwmNc\/CGoACadiCdRZp77GfNch8h7XruUy3Q5nMIPpSS9uGcLjq3C3ItS\/APNGKu9jmlsiO0LjXX\/CfNxIFKl\/weHAnS829R5IzpPhcuEoy1vWPdUrOMdrI3KAJ3STKoNcIbHvKp7mk6pmwQFfpfjKjoqVQ5pa4FhaMkOaW+yIBImROhAKC2NjxRdAL4MBwgBpgggm5mL+ZStjt+\/7sjn0s9POAYFiYtMTE6KOJdYrQym3I2XqFWvmZT0guBB7xEd1kaTAVa6IVjXwrO1JpPh3GBMTw3J\/jWOLSGgE85iJvolURA08rJXEC+oYKC\/1LPVaykQRcvPIRYeabUSluGwIptLQSQSfXcj8Dh2sY1jdGiAjZqjvZQ1uzmKeOfPr0wiwVDsb2Aso4gF7mZXAtgyRDTP6Tv5rnZHsDw9WNPzRpexReLxLabXPcYa0EnuAkoPCbbo1KXXNJySW3BkG2oCOqNBBBAINiDcdygOFZlyBoDdIA4qGdlAQp6NYOAc3QqQFQ0KYa0NGgEKUKmzF8qjE2UgK5rUg9pa4AtcIIOhBsQfBbChxeMZSbmfMTFhOqsmBJVtaXGAJJSvZXRXD4eqatIODoIALpa2dcs35XJTtYDN+KExGHc4y2qWCNI9dPuFEO90jqUsV72Jzf9B9VznqAXIdxgQfL+6W1K7h77vND1MW79R81o0eKEvJyEFjDUfXcA50Pc0aEQJm06J\/tsTUH\/Ea+llVq+JPWZsxsQdeCc9J6n5jI3tn1KzupRUaOvotIqDsz4LVRsCZHjH+VX8ZUGYSZvOqkqPQFa5WkMIWbUi3V2ktG4GURVax1yJPilTAZ3qXMeaAtHNE1xXVSiOA\/h+pWGmB+oeMD0XPXHf9FMyrO74H4IYHNMDnKfZW1xhq9Ktd+R05M0SII1g3EyOYC9Awv\/iXTxjvw7KD6ZIu572xAiwAFyZXlO16k5QOE+f+Fqo4UmsLJa9pmeZEH5JR+GArBlwJCsnS\/aD3ue1xEMqBjYHutGcd5JdJPONyR0nSLnv0i9kNSruLbwbkyZmTred6x9OQZGu\/6JXZlPFVpui6dQNtmIItw0RNLEvGj3eJn0KVYfCxDpNuZRgJ5JFSkDyPWE1j7YhMWbTeNYPou\/8AVRvafAyld+K4cOZSP+JSO3knGs4J7R2jTzNubmII4pjXA3cRCpzrX4X1TXbxeWNc2csSQ3WSWwbcpXV\/T6baTHESY2m1yNly+Pcaj2zHXpf7pwR6ovCUA0WG4Cd5jid6WbNqOcxpeCCRebHXUjmnVBttF2C4fERHX5LkFpA0gzPLwJHuFhIAk2HNcP0lSVaYc0tIsbFD7QqZKT3fpY70BUJIlLABgTefovL8binOmQCSdcozXPECVY+jGNo0BUpVagLXkE9l0AwQ4Gdd3kk2xKGfEUmm\/an+EF3yWbZo5MRUH\/KfO65DqM05wF2mVy2oBvlPmuDaJe3QCR5iEVV2mcWS4sinTo9W1vLfv5eiXVan+1sIu0Rc+8PojOjFUvpuOUAZotyaOfMrZA1C2wWSCQ4TF9zAG\/2VYxMGXNBAMkCdBuHNE4JvZgTG8SVYcJsmmKNSoRLhnAnRoDi23O2qVs2bUazMWOLY9oCRHONFzi68ciuzSh2kxkD0Vm6IYVrKYeLOe+D+6QYHdaVcikOzaeWhQt7zPUp22g0EujtEQSowd0HmslUyfNcuCIpBQ711iKb3Mc1jsriLO4I0pFIbZXs\/w\/8A1sW8YKoo9gt6wNF3TEjXS\/FAbQxFakz8inndna0iCYHVt4H13KwJMIsAp4VyVtmgmx39+9C4rGtY5rTPaOu4d8oS4AScIRdLdr7bfRrU6TaOfPvkjfFrbtfFPDyWQo8SXBrsgBfByg2E7p5SjsVW63gaTmth78xmZ4chyRQVb6KUsawubiiHNiWuJBdJNxIPsjhu3KxkoQABAVk810Ug250j\/D1Azq3OlodI0uSI05KJvSqa5pNoOcA4tJB7QgxJbFh3nRWAsHBWCidTLcjK89fU3AX5KKpSefdPw+Ks\/wDplNzwXAgby2A4DlIhLsXh3NLolzZMcY3TzWtpa7Cz3blU\/GWJE3RWOxoe1stqZg0NnWbRYXW8dhLyNPgpDAcI4DcrfSBgFWx9iQUIzDOyAzFvHxS3EVXTEp\/iHW0SWu26oUgciVZcRhRYSSbo0MCgw9O6KLVHUxyUDlE3X\/Cx7QATGnKSuQLrdZ5aA4aTdKqDQ0kBMb3jEpfWoucM2SADBM3E7indTZLerpgHN1jRBIi5+GoQDazXFzGEk1C1s95idPFW\/FYZrPw1FmYkFpjeG2EmO4rEKh1CfHyha+zaWH3dVfaGynYcta7LJ7UAkxu3oPECE\/6UvzV3AyCABxHHdpqoh0ZxDqRqhst5akcYKfTc0MY55gkIHth7msGEqpeyF2DyTDBbFquEBsQJufjGnioMbg30nljxlcN2uuhB3oO4TEgogSBgoUlRuUxaoHNur7MKF5UVZWfY781JnIEeRgeirThKabMx3VgtiROotfetfBiHxssfGd6mffgnpCnwTqud2b2PdgC834zyS5u06Z3x3ouhtSlHti3eui9skXwuW0loIiZHl4jxTJJ+lb4wtTnlHm4BTu21SGknuH1Snb+0xVoPYGG4Bkn9JDvkhqfCVGA6gknRJs4ocmuPpHzUXSQf7mp\/1\/lCj2DiDTrZmxOVwvzhQ7SrF9Z7jqSPgAuef8I6rowe3nw+6bVGf7XuDHf\/ACCsHR2pTp4FpqNpszB+Un9pUfmPbE3DQAARpaNTap08Q5pBuQItPJH\/AOrV3U8pq1MhEZOsdljhGkK6rHOqNgYibkYO0A9L7Tg3Co7jvEq5dIA2nhqwaxrQ17WMIEFwcHEkn3iYDp58E42T1baDHNZkYMPmIPbNswDjpnNgToO5UvaOIdUpUKZeSJAAJJAEbhuT7HYl1LBEse5r7NaQTLb7uGp81wHUHmmGF1yTudwB697EAnBEg9tlugCZMxtHrWbmhorkFpAy9WTJG6XEW3ZrSmWExNNwbBac+eTwygG3CJnxXm5ruIDy5xc7sPJcSXCcwk77x\/CFOzEvDS1r3BrvaaCQHd43+K3f8J5pgF1xAydgR1JkyOcAGNucXiV6LlaWyIsxp0OaSQCSYuDJhSAABo3xJ8Tb0jzXmwxlSA3rH5QZDcxgdwm2p80SNv1GHtVXTzvyHwTKXCvYZc60k77iPyT4n5qtU2AXo2JAyvMAflSM0loJAufMqAtAfUA\/U31psVId0zqgE62ibNIERqCp9m9MQ4uzM7ZMm+sACR5eqXT4Z7H\/ABSIiJm9vx4kkkm+WkHSTCvFMCHWvAM+ICzFYZjmGWtI7MAi9+PHikFLpJSOuYTy+iNZtqk63WjkDI+Kj+GeXh0mJnfENkfOPAQT0IB4RsRutbyRGUSbDdEglosECyu12jge4gqYPOoJClWi54sYMEZMZafHYEXkwVA5TVWw4jgVwRK4aVJKe0EAAoSuW0gDIAk74ue9dLS1KOFEncVBUXbio3uVqktxOFa7keISrGYEjd4j5hPnarh6c2sW2NwgLAbqrVLj0QD2DmrdiMG13IpRjdmkbvEfRaGuY4W8ilHUMpXTA3BdkrRplq5c5QghW2DhZmvuR2zcIKriHXaBcd9h98ktDrptsGrBeOQ9J+qZTaHOAKqodLSQmOF2NRpQWsEgyCbx3TonWCa3MLhsm7jHz1KBpvlR7Twc0iQSS3tDw1HlKbWotNMgAY5BY6dVweJcdtym2N2PhnPL3VRmMQSQYjSIRDXM7NMVHOEQGgFrYGvfrvKTdEMEH1TUcBYAdxNz8kw6Q7Q6vFUJMNLXN8SW\/ReQqtOrSCTC9bTII1ERKPxGzy+i\/qTlePdEQ6I7JMTovPtr451V3b1bI32vcXury7aYoYhuYwyq0Qd2Ztj6FqW9Ndhhw\/E0RP8A6gH8\/wBU7hC1rgHb4KXX1Ed1UaVA\/VEELhsTcSOC7PZxhc4uUIPgpGGFO9zPdp35n5LgsJsbb5ACOjqBJ0lJrQW6ZXK22n3ypadJguXmeQH1WnOJMwANBE6eKd2mp0AW5\/j+Fn0DTMriCN64qEkERqI81Jdae6ASmEJYymG0Oj9DDOYRiGkupyZgAHUgZS6dwvCgw\/QbGV4qsYzJUAc0uqMbYgEWcZmOSVVMQHkW0HerDsnb\/VsDOuqtjc15AtoLXWR1E6YBT9cGd0JtroxiMM05gHQ3MS02EaxOscQlGGqWhOts9I6tRrmB7sjvaFgHcJjVKsDRzkNECU4ByERN0yoNk0fvcmnSrGFlOlTEEntETHILvYuzZLAHA5Qd3P8Aul3SB4fWeD7sN8v7yuQyi51aBtddc1mijqODAQ2HxFu0LHUTwOo5hEBwPsHNyA7Xlv8ACUGGjgpwRC39k4b\/AE\/lYXPp5A392g+q0Xumw85B8itVGPN4YY4zPopm1v1doc9fA6rt5ESDY8dRyKgbsVXacgPJBVcI4t9lvmfqoaeBeJjlEEeF00BtAURep2TZRCu4KOlhqojtu\/iB+IRLalYe60+MLTax3Bae5yvs4wqNYnICmoVqk9oNA4g3RTNqvZpUcPFL2tG\/78l2wAaADuRabJZdKbM2\/iNzvEgfMI\/C9JKo9trXd0g\/fgq+HKTMh0DkpqKtdLpOw+0xw7oKL\/1+hxPkVSMy3mQmmFepWp6icsWJSNQOXD1ixRUuSonaLFisZVFI8V7ZSqtqVtYuicBZtyogmGxfbP7p+SxYqp\/GEyp8JVkw6ObofH5rFi2HC5ZWugHsVP3vkEt6d\/tqPj8QsWLyVL9yf\/XoV6x37cdB6hT9L\/2NDvP8oVk6Pf8Al\/8Ar8lixLP+Cn8\/VNP+R3QLy+pqe9YsWLttwuRU+Jbp6IaqsWLY1ZnrYUjFtYmnASjlYVFiPZKxYgKoZSulqsGq2sS1oUjkbsb9oPH4FaWKbqK+dF\/k7+dqqO1f29b\/ANxyxYufR\/cP97hbX\/tmoamiNyxYtxWNaUjvp81ixA7b3sVFPS\/Zu7whaO\/wW1iQ3KIKcLHraxOQlcldhYsVqLpi7KxYqVLAsWLFRRr\/2Q==\" alt=\"\" width=\"671\" height=\"280\"\/><figcaption>Mur BLEU (AVANCER ET DEBUTANT)<\/figcaption><\/figure>\n\n\n\n<figure class=\"wp-block-image size-large\"><img decoding=\"async\" src=\"https:\/\/cdn.radiofrance.fr\/s3\/cruiser-production\/2019\/02\/786f880a-ef54-4953-af16-262e939e764e\/1200x680_000_dv1705829.jpg\" alt=\"\"\/><figcaption>Mur ROUGE (DEBUTANT, AVANCER ET CONFIRME)<\/figcaption><\/figure>\n\n\n\n<p><\/p>\n\n\n\n<p><\/p>\n\n\n\n<p><strong>YOGA<\/strong><\/p>\n\n\n\n<p>Nos cours de <a href=\"https:\/\/www.passeportsante.net\/fr\/Therapies\/Guide\/Fiche.aspx?doc=yoga_th#:~:text=Le%20yoga%20est%20la%20pratique,qui%20transcende%20la%20discipline%20physique.\" target=\"_blank\" rel=\"noreferrer noopener\"><strong>Yoga<\/strong> <\/a>pour d\u00e9butant <em><strong>accessible \u00e0 partir de 12 ans<\/strong><\/em>. Il se d\u00e9roule par s\u00e9ances de <strong>30 minutes<\/strong> un professionnel vous y fera cours.<\/p>\n\n\n\n<figure class=\"wp-block-image size-large\"><img decoding=\"async\" src=\"https:\/\/oppq.qc.ca\/wp-content\/uploads\/Yoga-portrait-des-avantages.jpg\" alt=\"\"\/><\/figure>\n\n\n\n<p><\/p>\n\n\n\n<p><\/p>\n\n\n\n<p><strong>RENFORCEMENT MUSCULAIRE<\/strong><\/p>\n\n\n\n<p><strong>Le renforcement musculaire<\/strong> se d\u00e9roule par <strong>s\u00e9ances d&rsquo;une heur<\/strong> avec un coach sportif <em><strong>accessible \u00e0 partir de 12 ans<\/strong><\/em>. Les sciences sont pour d\u00e9butants et confirm\u00e9, au programme <strong>r\u00e9veille musculaire<\/strong>, <strong>cardio<\/strong> et <strong>remise en forme musculaire<\/strong>.<\/p>\n\n\n\n<figure class=\"wp-block-image size-large\"><img decoding=\"async\" src=\"https:\/\/www.capadapt.fr\/wp-content\/uploads\/Renforcement-Musculaire-CapAdapt.png\" alt=\"\"\/><\/figure>\n\n\n\n<p><\/p>\n\n\n\n<p><\/p>\n\n\n\n<p><strong>ESCALADE OUTDOOR<\/strong><\/p>\n\n\n\n<p>L&rsquo;escalade se d\u00e9roule en <strong>pleine air<\/strong> sur des roches venu de Fontainebleau <strong>accessible \u00e0 partir de 13 ans<\/strong>. <strong>Un professionnel de l&rsquo;escalade<\/strong> ainsi que des prise de s\u00e9curit\u00e9 sont pr\u00e9vu sur les roch\u00e9s qui sont au nombre de 3.<\/p>\n\n\n\n<figure class=\"wp-block-image size-large\"><img decoding=\"async\" src=\"https:\/\/idata.over-blog.com\/3\/03\/41\/94\/Foret-de-fontainebleau\/Foret-de-fontainebleau-0007.JPG\" alt=\"\"\/><\/figure>\n","protected":false},"excerpt":{"rendered":"<p>activit\u00e9 salle escalade Vaison-la romaine Escalade sur mur Yoga Renforcement musculaire Escalade outdoor (en plein air) ESCALADE SUR MUR Nos 4 murs sont adapt\u00e9 au enfants comme au adulte gr\u00e2ce \u00e0 un code couleur. mur jaune (convient au enfant de 6 \u00e0 12 ans et d\u00e9butant) mur bleu ( convient au adolescent, adulte et d\u00e9butant &hellip; <\/p>\n<p class=\"link-more\"><a href=\"https:\/\/c4.benjaminmousnier.com\/?page_id=106\" class=\"more-link\">Continuer la lecture<span class=\"screen-reader-text\"> de &laquo;&nbsp;ACTIVITE&nbsp;&raquo;<\/span><\/a><\/p>\n","protected":false},"author":2,"featured_media":0,"parent":0,"menu_order":0,"comment_status":"closed","ping_status":"closed","template":"","meta":{"footnotes":""},"class_list":["post-106","page","type-page","status-publish","hentry"],"yoast_head":"<!-- This site is optimized with the Yoast SEO plugin v19.1 - https:\/\/yoast.com\/wordpress\/plugins\/seo\/ -->\n<title>Salle d&#039;escalade Vaison-la Romaine 84500<\/title>\n<meta name=\"description\" content=\"Salle d&#039;escalade de Vaison-la Romaine activit\u00e9s propos\u00e9 grimpe sur rocher naturel, renforcement musculaire, yoga et mur d&#039;escalade.\" \/>\n<meta name=\"robots\" content=\"noindex, follow, max-snippet:-1, max-image-preview:large, max-video-preview:-1\" \/>\n<meta property=\"og:locale\" content=\"fr_FR\" \/>\n<meta property=\"og:type\" content=\"article\" \/>\n<meta property=\"og:title\" content=\"Salle d&#039;escalade Vaison-la Romaine 84500\" \/>\n<meta property=\"og:description\" content=\"Salle d&#039;escalade de Vaison-la Romaine activit\u00e9s propos\u00e9 grimpe sur rocher naturel, renforcement musculaire, yoga et mur d&#039;escalade.\" \/>\n<meta property=\"og:url\" content=\"https:\/\/c4.benjaminmousnier.com\/?page_id=106\" \/>\n<meta property=\"og:site_name\" content=\"LA SALAMANDRE DU VENTOUX\" \/>\n<meta property=\"article:modified_time\" content=\"2022-06-29T14:38:39+00:00\" \/>\n<meta property=\"og:image\" content=\"https:\/\/images.lanouvellerepublique.fr\/image\/upload\/t_1020w\/5e3f694fde5424137e8b4750.jpg\" \/>\n<meta name=\"twitter:card\" content=\"summary_large_image\" \/>\n<meta name=\"twitter:label1\" content=\"Dur\u00e9e de lecture estim\u00e9e\" \/>\n\t<meta name=\"twitter:data1\" content=\"3 minutes\" \/>\n<script type=\"application\/ld+json\" class=\"yoast-schema-graph\">{\"@context\":\"https:\/\/schema.org\",\"@graph\":[{\"@type\":\"WebSite\",\"@id\":\"https:\/\/c4.benjaminmousnier.com\/#website\",\"url\":\"https:\/\/c4.benjaminmousnier.com\/\",\"name\":\"LA SALAMANDRE DU VENTOUX\",\"description\":\"L&#039;escalade: un sport complet qui se partage en famille\",\"potentialAction\":[{\"@type\":\"SearchAction\",\"target\":{\"@type\":\"EntryPoint\",\"urlTemplate\":\"https:\/\/c4.benjaminmousnier.com\/?s={search_term_string}\"},\"query-input\":\"required name=search_term_string\"}],\"inLanguage\":\"fr-FR\"},{\"@type\":\"ImageObject\",\"inLanguage\":\"fr-FR\",\"@id\":\"https:\/\/c4.benjaminmousnier.com\/?page_id=106#primaryimage\",\"url\":\"https:\/\/images.lanouvellerepublique.fr\/image\/upload\/t_1020w\/5e3f694fde5424137e8b4750.jpg\",\"contentUrl\":\"https:\/\/images.lanouvellerepublique.fr\/image\/upload\/t_1020w\/5e3f694fde5424137e8b4750.jpg\"},{\"@type\":\"WebPage\",\"@id\":\"https:\/\/c4.benjaminmousnier.com\/?page_id=106#webpage\",\"url\":\"https:\/\/c4.benjaminmousnier.com\/?page_id=106\",\"name\":\"Salle d'escalade Vaison-la Romaine 84500\",\"isPartOf\":{\"@id\":\"https:\/\/c4.benjaminmousnier.com\/#website\"},\"primaryImageOfPage\":{\"@id\":\"https:\/\/c4.benjaminmousnier.com\/?page_id=106#primaryimage\"},\"datePublished\":\"2022-06-29T12:47:59+00:00\",\"dateModified\":\"2022-06-29T14:38:39+00:00\",\"description\":\"Salle d'escalade de Vaison-la Romaine activit\u00e9s propos\u00e9 grimpe sur rocher naturel, renforcement musculaire, yoga et mur d'escalade.\",\"breadcrumb\":{\"@id\":\"https:\/\/c4.benjaminmousnier.com\/?page_id=106#breadcrumb\"},\"inLanguage\":\"fr-FR\",\"potentialAction\":[{\"@type\":\"ReadAction\",\"target\":[\"https:\/\/c4.benjaminmousnier.com\/?page_id=106\"]}]},{\"@type\":\"BreadcrumbList\",\"@id\":\"https:\/\/c4.benjaminmousnier.com\/?page_id=106#breadcrumb\",\"itemListElement\":[{\"@type\":\"ListItem\",\"position\":1,\"name\":\"Accueil\",\"item\":\"https:\/\/c4.benjaminmousnier.com\/\"},{\"@type\":\"ListItem\",\"position\":2,\"name\":\"ACTIVITE\"}]}]}<\/script>\n<!-- \/ Yoast SEO plugin. -->","yoast_head_json":{"title":"Salle d'escalade Vaison-la Romaine 84500","description":"Salle d'escalade de Vaison-la Romaine activit\u00e9s propos\u00e9 grimpe sur rocher naturel, renforcement musculaire, yoga et mur d'escalade.","robots":{"index":"noindex","follow":"follow","max-snippet":"max-snippet:-1","max-image-preview":"max-image-preview:large","max-video-preview":"max-video-preview:-1"},"og_locale":"fr_FR","og_type":"article","og_title":"Salle d'escalade Vaison-la Romaine 84500","og_description":"Salle d'escalade de Vaison-la Romaine activit\u00e9s propos\u00e9 grimpe sur rocher naturel, renforcement musculaire, yoga et mur d'escalade.","og_url":"https:\/\/c4.benjaminmousnier.com\/?page_id=106","og_site_name":"LA SALAMANDRE DU VENTOUX","article_modified_time":"2022-06-29T14:38:39+00:00","og_image":[{"url":"https:\/\/images.lanouvellerepublique.fr\/image\/upload\/t_1020w\/5e3f694fde5424137e8b4750.jpg"}],"twitter_card":"summary_large_image","twitter_misc":{"Dur\u00e9e de lecture estim\u00e9e":"3 minutes"},"schema":{"@context":"https:\/\/schema.org","@graph":[{"@type":"WebSite","@id":"https:\/\/c4.benjaminmousnier.com\/#website","url":"https:\/\/c4.benjaminmousnier.com\/","name":"LA SALAMANDRE DU VENTOUX","description":"L&#039;escalade: un sport complet qui se partage en famille","potentialAction":[{"@type":"SearchAction","target":{"@type":"EntryPoint","urlTemplate":"https:\/\/c4.benjaminmousnier.com\/?s={search_term_string}"},"query-input":"required name=search_term_string"}],"inLanguage":"fr-FR"},{"@type":"ImageObject","inLanguage":"fr-FR","@id":"https:\/\/c4.benjaminmousnier.com\/?page_id=106#primaryimage","url":"https:\/\/images.lanouvellerepublique.fr\/image\/upload\/t_1020w\/5e3f694fde5424137e8b4750.jpg","contentUrl":"https:\/\/images.lanouvellerepublique.fr\/image\/upload\/t_1020w\/5e3f694fde5424137e8b4750.jpg"},{"@type":"WebPage","@id":"https:\/\/c4.benjaminmousnier.com\/?page_id=106#webpage","url":"https:\/\/c4.benjaminmousnier.com\/?page_id=106","name":"Salle d'escalade Vaison-la Romaine 84500","isPartOf":{"@id":"https:\/\/c4.benjaminmousnier.com\/#website"},"primaryImageOfPage":{"@id":"https:\/\/c4.benjaminmousnier.com\/?page_id=106#primaryimage"},"datePublished":"2022-06-29T12:47:59+00:00","dateModified":"2022-06-29T14:38:39+00:00","description":"Salle d'escalade de Vaison-la Romaine activit\u00e9s propos\u00e9 grimpe sur rocher naturel, renforcement musculaire, yoga et mur d'escalade.","breadcrumb":{"@id":"https:\/\/c4.benjaminmousnier.com\/?page_id=106#breadcrumb"},"inLanguage":"fr-FR","potentialAction":[{"@type":"ReadAction","target":["https:\/\/c4.benjaminmousnier.com\/?page_id=106"]}]},{"@type":"BreadcrumbList","@id":"https:\/\/c4.benjaminmousnier.com\/?page_id=106#breadcrumb","itemListElement":[{"@type":"ListItem","position":1,"name":"Accueil","item":"https:\/\/c4.benjaminmousnier.com\/"},{"@type":"ListItem","position":2,"name":"ACTIVITE"}]}]}},"_links":{"self":[{"href":"https:\/\/c4.benjaminmousnier.com\/index.php?rest_route=\/wp\/v2\/pages\/106","targetHints":{"allow":["GET"]}}],"collection":[{"href":"https:\/\/c4.benjaminmousnier.com\/index.php?rest_route=\/wp\/v2\/pages"}],"about":[{"href":"https:\/\/c4.benjaminmousnier.com\/index.php?rest_route=\/wp\/v2\/types\/page"}],"author":[{"embeddable":true,"href":"https:\/\/c4.benjaminmousnier.com\/index.php?rest_route=\/wp\/v2\/users\/2"}],"replies":[{"embeddable":true,"href":"https:\/\/c4.benjaminmousnier.com\/index.php?rest_route=%2Fwp%2Fv2%2Fcomments&post=106"}],"version-history":[{"count":4,"href":"https:\/\/c4.benjaminmousnier.com\/index.php?rest_route=\/wp\/v2\/pages\/106\/revisions"}],"predecessor-version":[{"id":163,"href":"https:\/\/c4.benjaminmousnier.com\/index.php?rest_route=\/wp\/v2\/pages\/106\/revisions\/163"}],"wp:attachment":[{"href":"https:\/\/c4.benjaminmousnier.com\/index.php?rest_route=%2Fwp%2Fv2%2Fmedia&parent=106"}],"curies":[{"name":"wp","href":"https:\/\/api.w.org\/{rel}","templated":true}]}}